{"id":2145,"date":"2022-06-28T13:51:27","date_gmt":"2022-06-28T12:51:27","guid":{"rendered":"https:\/\/www.paganoni.it\/?page_id=2145"},"modified":"2023-05-18T14:38:13","modified_gmt":"2023-05-18T13:38:13","slug":"privacy-policy","status":"publish","type":"page","link":"https:\/\/www.paganoni.it\/en\/privacy-policy\/","title":{"rendered":"Privacy Policy"},"content":{"rendered":"\n<p>INFORMAZIONI SUL TRATTAMENTO DEI DATI PERSONALI<\/p>\n\n\n\n<p>degli utenti che consultano il presente sito web ai sensi dell&#8217;articolo 13 del Regolamento (UE) 2016\/679 (GDPR)<\/p>\n\n\n\n<p>Questa pagina descrive, ai sensi del Regolamento (UE) 2016\/679, le modalit\u00e0 di trattamento dei Dati Personali degli utenti raccolti durante la navigazione del presente Sito <a href=\"https:\/\/www.paganoni.it\/\"><strong>www.paganoni.it<\/strong><\/a>o conferiti direttamente dall\u2019interessato attraverso la compilazione di moduli e indirizzi di contatto.<\/p>\n\n\n\n<p>Le presenti informazioni non riguardano altri siti, pagine o servizi online raggiungibili tramite link ipertestuali eventualmente pubblicati nel sito ma riferiti a risorse esterne al presente sito.<\/p>\n\n\n\n<p>1 &#8211; <strong>Titolare del Trattamento dei Dati<\/strong><\/p>\n\n\n\n<p>Titolare del trattamento \u00e8 Mario Nava S.p.A., Via dei Livelli, 6 &#8211; 23842 Bosisio Parini (LC) \u2013 C.F. 00231210139 &#8211; P.IVA IT 00758810147 &#8211; Telefono +39 031 876227 &#8211; Email info@paganoni.it<\/p>\n\n\n\n<p>2 &#8211; <strong>Considerazioni e valutazione per l\u2019adozione del Responsabile della protezione dei dati<\/strong><\/p>\n\n\n\n<p>Mario Nava S.p.A., Titolare del Trattamento, ha valutato che la societ\u00e0 non rientra nelle casistiche di cogenza per la designazione del Responsabile della Protezione dei dati personali (RDP o anche DPO), e quindi non ne effettuer\u00e0 l\u2019individuazione e designazione.<\/p>\n\n\n\n<p>3 &#8211; <strong>Tipologie di Dati raccolti \u2013 Finalit\u00e0 \u2013 Base giuridica<\/strong><\/p>\n\n\n\n<p>3.1 &#8211; <strong>MODULO \u201cCONTATTI\u201d \u2013<em> Dati conferiti direttamente dall\u2019interessato attraverso l\u2019invio di messaggi\/avvio di telefonate agli indirizzi di contatto.<\/em><\/strong> L&#8217;invio esplicito e volontario di messaggi o l\u2019avvio di telefonate agli indirizzi di contatto comporta l&#8217;acquisizione dei dati di contatto del mittente, nonch\u00e9 di tutti i dati personali inclusi nelle comunicazioni.<\/p>\n\n\n\n<p>Tali dati vengono trattati per le seguenti finalit\u00e0 e nel rispetto delle relative basi giuridiche del trattamento, per un periodo di conservazione non superiore a quello necessario agli scopi per i quali sono stati raccolti e trattati.<\/p>\n\n\n\n<p>3.1.1. &#8211; <em>Finalit\u00e0<\/em>: rispondere alle richieste dell\u2019interessato.<\/p>\n\n\n\n<p><em>Base Giuridica<\/em>: legittimo interesse, il trattamento \u00e8 necessario per rispondere alle richieste; per l\u2019esecuzione di misure precontrattuali adottate su richiesta dell\u2019interessato.<\/p>\n\n\n\n<p>3.2 &#8211; <strong>MODULI DI RICHIESTA DI INFORMAZIONI \u201cHAI BISOGNO DI PI\u00d9 INFORMAZIONI?\u201d \u2013 <em>Dati conferiti direttamente dall\u2019interessato attraverso la compilazione e l\u2019invio dei moduli di richiesta di informazioni e di un preventivo.<\/em><\/strong> La compilazione e l\u2019invio esplicito e volontario dei moduli di richiesta di informazioni e di preventivo comportano l&#8217;acquisizione dei dati di contatto del mittente, nonch\u00e9 di tutti i dati personali inclusi nelle comunicazioni.<\/p>\n\n\n\n<p>Tali dati vengono trattati per le seguenti finalit\u00e0 e nel rispetto delle relative basi giuridiche del trattamento, per un periodo di conservazione non superiore a quello necessario agli scopi per i quali sono stati raccolti e trattati.<\/p>\n\n\n\n<p>3.2.1. &#8211; <em>Finalit\u00e0<\/em>: rispondere alle richieste di informazioni e di preventivo inviate dall\u2019interessato.<\/p>\n\n\n\n<p><em>Base Giuridica<\/em>: legittimo interesse, il trattamento \u00e8 necessario per rispondere alle richieste ed inviare il preventivo; per l\u2019esecuzione di misure precontrattuali adottate su richiesta dell\u2019interessato.<\/p>\n\n\n\n<p>3.2.2 &#8211; Finalit\u00e0: <em>&nbsp;<\/em>inviare informazioni promozionali dirette allo svolgimento di attivit\u00e0 di marketing. Tali comunicazioni possono avvenire attraverso posta elettronica (come l\u2019invio di newsletter) o tramite altri canali quali telefonate, posta ordinaria, fax, sms e social.<\/p>\n\n\n\n<p><em>Base Giuridica<\/em>: consenso dell\u2019interessato.<\/p>\n\n\n\n<p>3.3. &#8211; <strong><em>Dati di navigazione del sito web<\/em><\/strong><\/p>\n\n\n\n<p>Il presente sito, per il suo corretto funzionamento, acquisisce durante la normale navigazione alcuni dati personali, tra cui gli indirizzi IP o i nomi a dominio dei computer utilizzati dagli utenti che si connettono al sito, gli indirizzi in notazione URI (Uniform Resource Identifier) delle risorse richieste, l&#8217;orario della richiesta, il metodo utilizzato nel sottoporre la richiesta al server, la dimensione del file ottenuto in risposta, il codice numerico indicante lo stato della risposta data dal server (buon fine, errore, ecc.) e altri parametri relativi al sistema operativo e all&#8217;ambiente informatico dell&#8217;utente. I dati di navigazione vengono acquisiti non per finalit\u00e0 di identificazione degli utenti, ma all\u2019unico fine di raccogliere, in forma anonima, informazioni statistiche sull\u2019utilizzo del sito e dei suoi servizi.<\/p>\n\n\n\n<p>3.4 &#8211; <strong><em>Cookie<\/em><\/strong><\/p>\n\n\n\n<p>I cookie sono stringhe di testo di piccole dimensioni che i siti visitati dall\u2019utente inviano al suo terminale (solitamente al browser), dove vengono memorizzati per essere poi ritrasmessi agli stessi siti alla successiva visita del medesimo utente. Nel corso della navigazione su un sito, l\u2019utente pu\u00f2 ricevere sul suo terminale anche cookie che vengono inviati da siti o da web server diversi (c.d. \u201cterze parti\u201d), sui quali possono risiedere alcuni elementi (quali, ad esempio, immagini, mappe, suoni, specifici link a pagine di altri domini) presenti sul sito che lo stesso sta visitando. I cookie, solitamente presenti nei browser degli utenti in numero molto elevato e a volte anche con caratteristiche di ampia persistenza temporale, sono usati per differenti finalit\u00e0: esecuzione di autenticazioni informatiche, monitoraggio di sessioni, memorizzazione di informazioni su specifiche configurazioni riguardanti gli utenti che accedono al server, ecc. Al riguardo, e ai fini del presente provvedimento, si individuano pertanto due macro-categorie: cookie \u201ctecnici\u201d e cookie \u201cdi profilazione\u201d. Per approfondimenti si rimanda alla <a href=\"#_Cookie_Policy\">Cookie Policy<\/a><\/p>\n\n\n\n<p>4. &#8211; <strong>Condivisione dei contenuti del sito web attraverso i Social Network<\/strong><\/p>\n\n\n\n<p>Nel caso in cui l\u2019utente decida di condividere alcuni contenuti del sito tramite uno o pi\u00f9 social network e se l\u2019utente ha attivato la condivisione di dati del suo account con applicazioni di terze parti, il presente sito potrebbe raccogliere e comunicare alcune informazioni del suo account ai social network con cui si effettua la condivisione. L\u2019utente pu\u00f2 disattivare la condivisione di dati del suo account con applicazioni di terze parti accedendo alle impostazioni del suo account. Per maggiori informazioni \u00e8 possibile consultare il sito internet dei social network ai quali \u00e8 iscritto.<\/p>\n\n\n\n<p>5. &#8211; <strong>Leaflet e Esri<\/strong><\/p>\n\n\n\n<p>All\u2019interno della sezione \u201cContattaci\u201d \u00e8 prevista la sottosezione \u201cDove siamo\u201d all\u2019interno della quale \u00e8 presente il link di collegamento per i siti esterni Leaflet e Esri che permettono all\u2019utente di visualizzare la posizione della sede della societ\u00e0 Mario Nava S.p.A \u2013 Divisione Paganoni.<\/p>\n\n\n\n<p>Nel caso in cui l\u2019utente decida di accedere cliccando i link di collegamento ai siti web esterni le informazioni acquisite sono soggette alle impostazioni privacy dell\u2019Utente relative al sito web. Per maggiori informazioni \u00e8 possibile consultare il relativo sito internet (<a href=\"http:\/\/www.leafletjs.com\">www.leafletjs.com<\/a>, www.esri.com).<\/p>\n\n\n\n<p>6. &#8211; <strong>Collegamenti esterni<\/strong><\/p>\n\n\n\n<p>All\u2019interno del sito web l\u2019utente pu\u00f2 trovare collegamenti con contenuti di siti esterni a cui \u00e8 possibile accedere attraverso link ipertestuali al solo scopo di fornire un servizio all\u2019utente facilitando la sua navigazione in rete.<\/p>\n\n\n\n<p>Nel caso in cui l\u2019utente decida di accedere ai siti web esterni cliccando i link di collegamento le informazioni acquisite sono soggette alle impostazioni privacy dell\u2019Utente relative ad ogni sito web. Per maggiori informazioni \u00e8 consigliato consultare il relativo sito internet a cui si accede tramite il collegamento.<\/p>\n\n\n\n<p>7. &#8211; <strong>Webmaster: Indo Consulting<\/strong><\/p>\n\n\n\n<p>Il footer della home page contiene la sezione \u201cPowered by Indo Consulting\u201d attraverso la quale l\u2019utente pu\u00f2, cliccando sul link di collegamento, accedere al sito web della societ\u00e0 esterna che ha realizzato il sito della societ\u00e0 Mario Nava S.p.A. \u2013 Divisione Paganoni.<\/p>\n\n\n\n<p>Nel caso in cui l\u2019utente decida di accedere al sito della societ\u00e0 Indo Consulting le informazioni acquisite sono soggette alle impostazioni privacy dell\u2019Utente relative al sito web, per maggiori informazioni \u00e8 possibile consultare il sito www.indoconsulting.it<\/p>\n\n\n\n<p>8. &#8211; <strong>Categorie di destinatari dei dati personali<\/strong><\/p>\n\n\n\n<p>Le seguenti categorie di soggetti possono venire a conoscenza dei Suoi dati: Titolare e soggetti autorizzati al trattamento, nominati per iscritto dalla scrivente societ\u00e0 quali soci, addetti alla contabilit\u00e0 ed alla fatturazione, addetti commerciali oltre che soggetti consulenti, in qualit\u00e0 di responsabili esterni, nei limiti necessari per svolgere il loro incarico presso la nostra organizzazione, previo lettera di incarico e\/o stipula contratto che imponga il dovere di riservatezza e sicurezza, nonch\u00e9 soggetti che hanno necessit\u00e0 di accedere ai dati per consulenze legali, con finalit\u00e0 ausiliare al rapporto che intercorre tra le parti, quali l\u2019esecuzione dei contratti in atto, nei limiti strettamente necessari per svolgere i compiti ausiliari loro affidati.<\/p>\n\n\n\n<p>Oltre al Titolare, in alcuni casi, potrebbero avere accesso ai Dati altri soggetti coinvolti nell\u2019organizzazione di questo Sito Web (personale amministrativo, commerciale, marketing, legali, amministratori di sistema) ovvero soggetti esterni (come fornitori di servizi tecnici terzi, hosting provider, societ\u00e0 informatiche, agenzie di comunicazione) nominati anche, se necessario, Responsabili del Trattamento da parte del Titolare. L\u2019elenco aggiornato dei Responsabili potr\u00e0 sempre essere richiesto al Titolare del Trattamento.<\/p>\n\n\n\n<p>9. &#8211; <strong>Modalit\u00e0 del trattamento<\/strong><\/p>\n\n\n\n<p>Il trattamento dei dati avviene mediante l\u2019utilizzo di strumenti e procedure idonei a garantirne sicurezza e riservatezza e potr\u00e0 essere effettuato sia mediante supporti cartacei, sia attraverso l\u2019ausilio di mezzi informatici automatizzati, atti a memorizzare, gestire e trasmettere i dati stessi.<\/p>\n\n\n\n<p>I Dati saranno trattati dal Titolare, presso le proprie sedi operative ovvero all\u2019interno del territorio dell\u2019Unione Europea e dello Spazio Economico Europeo. Qualora per ragioni di natura tecnica, organizzativa e\/o operativa si renda necessario avvalersi di soggetti (tra quelli indicati nel precedente elenco) ubicati al di fuori dell\u2019Unione Europea o dello Spazio Economico Europeo, si informa che la Societ\u00e0 assicurer\u00e0 che il trattamento dei dati da parte di questi soggetti avvenga nel rispetto della normativa applicabile. Pertanto, i trasferimenti verranno effettuati tramite adeguate garanzie, quali decisioni di adeguatezza, modelli di Clausole Contrattuali Standard approvate dalla Commissione Europea o altre garanzie considerate adeguate. L\u2019interessato potr\u00e0 richiedere maggiori informazioni scrivendo al seguente indirizzo di posta elettronica: <a href=\"mailto:info@paganoni.it\">info@paganoni.it<\/a><\/p>\n\n\n\n<p>10. &#8211; <strong>Comunicazione e diffusione<\/strong><\/p>\n\n\n\n<p>I dati non verranno diffusi a soggetti indeterminati mediante la loro messa a disposizione o consultazione.<\/p>\n\n\n\n<p>I dati potranno essere comunicati, per quanto di loro rispettiva e specifica competenza, ad Enti ed in generale ad ogni soggetto pubblico o privato rispetto al quale vi sia per noi obbligo (o facolt\u00e0 riconosciuta da norme di legge o di normativa secondaria o comunitaria) o necessit\u00e0 di comunicazione.<\/p>\n\n\n\n<p>11. &#8211; <strong>Diritti degli interessati<\/strong><\/p>\n\n\n\n<p>Gli artt. dal 15 al 22 del GDPR UE 2016\/679 conferiscono agli interessati specifici diritti. In particolare, il diritto di ottenere conferma dell&#8217;esistenza o meno di dati personali, l\u2019accesso ai dati personali e la rettifica o la cancellazione degli stessi o la limitazione del trattamento che lo riguardano o di opporsi al loro trattamento, oltre al diritto alla portabilit\u00e0 dei dati, la comunicazione di tali dati e le finalit\u00e0 su cui si basa il trattamento. Inoltre, gli interessati hanno il diritto di ottenere la revoca del consenso in qualsiasi momento senza pregiudicare la liceit\u00e0 del trattamento basata sul consenso prestato prima della revoca, la trasformazione in forma anonima o il blocco dei dati trattati in violazione di legge, nonch\u00e9 l&#8217;aggiornamento o, qualora sussista un interesse in merito, l&#8217;integrazione dei dati. Gli interessati hanno il diritto di opporsi, per motivi legittimi, al trattamento stesso.<\/p>\n\n\n\n<p>Le segnalazioni per ogni eventuale variazione dei dati personali devono pervenire tempestivamente al Responsabile del trattamento in modo da poter ottemperare all\u2019art. 16 della suddetta normativa, che richiede che i dati raccolti siano esatti e, quindi, aggiornati.<\/p>\n\n\n\n<p>Gli interessati che ritengono che il trattamento dei dati personali a loro riferiti effettuato attraverso questo sito avvenga in violazione di quanto previsto dal Regolamento hanno il diritto di proporre reclamo a un\u2019autorit\u00e0 di controllo (per l\u2019Italia: Garante per la protezione dei dati personali <a href=\"https:\/\/www.garanteprivacy.it\/\">www.garanteprivacy.it<\/a>), come previsto dall&#8217;art. 77 del Regolamento stesso, o di adire le opportune sedi giudiziarie (art. 79 del Regolamento).<\/p>\n\n\n\n<p>Privacy Policy redatta il 23\/02\/2023<\/p>\n","protected":false},"excerpt":{"rendered":"<p>INFORMAZIONI SUL TRATTAMENTO DEI DATI PERSONALI degli utenti che consultano il presente sito web ai sensi dell&#8217;articolo 13 del Regolamento (UE) 2016\/679 (GDPR) Questa pagina descrive, ai sensi del Regolamento (UE) 2016\/679, le modalit\u00e0 di trattamento dei Dati Personali degli utenti raccolti durante la navigazione del presente Sito www.paganoni.ito conferiti direttamente dall\u2019interessato attraverso la compilazione [&hellip;]<\/p>\n","protected":false},"author":1,"featured_media":0,"parent":0,"menu_order":0,"comment_status":"closed","ping_status":"closed","template":"","meta":{"_acf_changed":false,"footnotes":""},"class_list":["post-2145","page","type-page","status-publish","hentry"],"acf":[],"yoast_head":"<!-- This site is optimized with the Yoast SEO plugin v27.3 - https:\/\/yoast.com\/product\/yoast-seo-wordpress\/ -->\n<title>Privacy Policy - Paganoni<\/title>\n<meta name=\"description\" content=\"Questa pagina descrive, ai sensi del Regolamento (UE) 2016\/679, le modalit\u00e0 di trattamento dei Dati Personali degli utenti Paganoni.it\" \/>\n<meta name=\"robots\" content=\"noindex, nofollow\" \/>\n<meta property=\"og:locale\" content=\"en_US\" \/>\n<meta property=\"og:type\" content=\"article\" \/>\n<meta property=\"og:title\" content=\"Privacy Policy - Paganoni\" \/>\n<meta property=\"og:description\" content=\"Questa pagina descrive, ai sensi del Regolamento (UE) 2016\/679, le modalit\u00e0 di trattamento dei Dati Personali degli utenti Paganoni.it\" \/>\n<meta property=\"og:url\" content=\"https:\/\/www.paganoni.it\/en\/privacy-policy\/\" \/>\n<meta property=\"og:site_name\" content=\"Paganoni\" \/>\n<meta property=\"article:modified_time\" content=\"2023-05-18T13:38:13+00:00\" \/>\n<meta property=\"og:image\" content=\"https:\/\/www.paganoni.it\/wp-content\/uploads\/2022\/09\/contatti-paganoni-scaled.jpg\" \/>\n\t<meta property=\"og:image:width\" content=\"2560\" \/>\n\t<meta property=\"og:image:height\" content=\"1476\" \/>\n\t<meta property=\"og:image:type\" content=\"image\/jpeg\" \/>\n<meta name=\"twitter:card\" content=\"summary_large_image\" \/>\n<meta name=\"twitter:label1\" content=\"Est. reading time\" \/>\n\t<meta name=\"twitter:data1\" content=\"10 minutes\" \/>\n<script type=\"application\/ld+json\" class=\"yoast-schema-graph\">{\"@context\":\"https:\\\/\\\/schema.org\",\"@graph\":[{\"@type\":\"WebPage\",\"@id\":\"https:\\\/\\\/www.paganoni.it\\\/en\\\/privacy-policy\\\/\",\"url\":\"https:\\\/\\\/www.paganoni.it\\\/en\\\/privacy-policy\\\/\",\"name\":\"Privacy Policy - Paganoni\",\"isPartOf\":{\"@id\":\"https:\\\/\\\/www.paganoni.it\\\/#website\"},\"datePublished\":\"2022-06-28T12:51:27+00:00\",\"dateModified\":\"2023-05-18T13:38:13+00:00\",\"description\":\"Questa pagina descrive, ai sensi del Regolamento (UE) 2016\\\/679, le modalit\u00e0 di trattamento dei Dati Personali degli utenti Paganoni.it\",\"breadcrumb\":{\"@id\":\"https:\\\/\\\/www.paganoni.it\\\/en\\\/privacy-policy\\\/#breadcrumb\"},\"inLanguage\":\"en-US\",\"potentialAction\":[{\"@type\":\"ReadAction\",\"target\":[\"https:\\\/\\\/www.paganoni.it\\\/en\\\/privacy-policy\\\/\"]}]},{\"@type\":\"BreadcrumbList\",\"@id\":\"https:\\\/\\\/www.paganoni.it\\\/en\\\/privacy-policy\\\/#breadcrumb\",\"itemListElement\":[{\"@type\":\"ListItem\",\"position\":1,\"name\":\"Home\",\"item\":\"https:\\\/\\\/www.paganoni.it\\\/en\\\/\"},{\"@type\":\"ListItem\",\"position\":2,\"name\":\"Privacy Policy\"}]},{\"@type\":\"WebSite\",\"@id\":\"https:\\\/\\\/www.paganoni.it\\\/#website\",\"url\":\"https:\\\/\\\/www.paganoni.it\\\/\",\"name\":\"Paganoni\",\"description\":\"Rivestimenti Antiusura\",\"publisher\":{\"@id\":\"https:\\\/\\\/www.paganoni.it\\\/#organization\"},\"potentialAction\":[{\"@type\":\"SearchAction\",\"target\":{\"@type\":\"EntryPoint\",\"urlTemplate\":\"https:\\\/\\\/www.paganoni.it\\\/?s={search_term_string}\"},\"query-input\":{\"@type\":\"PropertyValueSpecification\",\"valueRequired\":true,\"valueName\":\"search_term_string\"}}],\"inLanguage\":\"en-US\"},{\"@type\":\"Organization\",\"@id\":\"https:\\\/\\\/www.paganoni.it\\\/#organization\",\"name\":\"Paganoni\",\"url\":\"https:\\\/\\\/www.paganoni.it\\\/\",\"logo\":{\"@type\":\"ImageObject\",\"inLanguage\":\"en-US\",\"@id\":\"https:\\\/\\\/www.paganoni.it\\\/#\\\/schema\\\/logo\\\/image\\\/\",\"url\":\"https:\\\/\\\/www.paganoni.it\\\/wp-content\\\/uploads\\\/2022\\\/05\\\/logo_paganoni_v.png\",\"contentUrl\":\"https:\\\/\\\/www.paganoni.it\\\/wp-content\\\/uploads\\\/2022\\\/05\\\/logo_paganoni_v.png\",\"width\":238,\"height\":153,\"caption\":\"Paganoni\"},\"image\":{\"@id\":\"https:\\\/\\\/www.paganoni.it\\\/#\\\/schema\\\/logo\\\/image\\\/\"}}]}<\/script>\n<!-- \/ Yoast SEO plugin. -->","yoast_head_json":{"title":"Privacy Policy - Paganoni","description":"Questa pagina descrive, ai sensi del Regolamento (UE) 2016\/679, le modalit\u00e0 di trattamento dei Dati Personali degli utenti Paganoni.it","robots":{"index":"noindex","follow":"nofollow"},"og_locale":"en_US","og_type":"article","og_title":"Privacy Policy - Paganoni","og_description":"Questa pagina descrive, ai sensi del Regolamento (UE) 2016\/679, le modalit\u00e0 di trattamento dei Dati Personali degli utenti Paganoni.it","og_url":"https:\/\/www.paganoni.it\/en\/privacy-policy\/","og_site_name":"Paganoni","article_modified_time":"2023-05-18T13:38:13+00:00","og_image":[{"width":2560,"height":1476,"url":"https:\/\/www.paganoni.it\/wp-content\/uploads\/2022\/09\/contatti-paganoni-scaled.jpg","type":"image\/jpeg"}],"twitter_card":"summary_large_image","twitter_misc":{"Est. reading time":"10 minutes"},"schema":{"@context":"https:\/\/schema.org","@graph":[{"@type":"WebPage","@id":"https:\/\/www.paganoni.it\/en\/privacy-policy\/","url":"https:\/\/www.paganoni.it\/en\/privacy-policy\/","name":"Privacy Policy - Paganoni","isPartOf":{"@id":"https:\/\/www.paganoni.it\/#website"},"datePublished":"2022-06-28T12:51:27+00:00","dateModified":"2023-05-18T13:38:13+00:00","description":"Questa pagina descrive, ai sensi del Regolamento (UE) 2016\/679, le modalit\u00e0 di trattamento dei Dati Personali degli utenti Paganoni.it","breadcrumb":{"@id":"https:\/\/www.paganoni.it\/en\/privacy-policy\/#breadcrumb"},"inLanguage":"en-US","potentialAction":[{"@type":"ReadAction","target":["https:\/\/www.paganoni.it\/en\/privacy-policy\/"]}]},{"@type":"BreadcrumbList","@id":"https:\/\/www.paganoni.it\/en\/privacy-policy\/#breadcrumb","itemListElement":[{"@type":"ListItem","position":1,"name":"Home","item":"https:\/\/www.paganoni.it\/en\/"},{"@type":"ListItem","position":2,"name":"Privacy Policy"}]},{"@type":"WebSite","@id":"https:\/\/www.paganoni.it\/#website","url":"https:\/\/www.paganoni.it\/","name":"Paganoni","description":"Rivestimenti Antiusura","publisher":{"@id":"https:\/\/www.paganoni.it\/#organization"},"potentialAction":[{"@type":"SearchAction","target":{"@type":"EntryPoint","urlTemplate":"https:\/\/www.paganoni.it\/?s={search_term_string}"},"query-input":{"@type":"PropertyValueSpecification","valueRequired":true,"valueName":"search_term_string"}}],"inLanguage":"en-US"},{"@type":"Organization","@id":"https:\/\/www.paganoni.it\/#organization","name":"Paganoni","url":"https:\/\/www.paganoni.it\/","logo":{"@type":"ImageObject","inLanguage":"en-US","@id":"https:\/\/www.paganoni.it\/#\/schema\/logo\/image\/","url":"https:\/\/www.paganoni.it\/wp-content\/uploads\/2022\/05\/logo_paganoni_v.png","contentUrl":"https:\/\/www.paganoni.it\/wp-content\/uploads\/2022\/05\/logo_paganoni_v.png","width":238,"height":153,"caption":"Paganoni"},"image":{"@id":"https:\/\/www.paganoni.it\/#\/schema\/logo\/image\/"}}]}},"_links":{"self":[{"href":"https:\/\/www.paganoni.it\/en\/wp-json\/wp\/v2\/pages\/2145","targetHints":{"allow":["GET"]}}],"collection":[{"href":"https:\/\/www.paganoni.it\/en\/wp-json\/wp\/v2\/pages"}],"about":[{"href":"https:\/\/www.paganoni.it\/en\/wp-json\/wp\/v2\/types\/page"}],"author":[{"embeddable":true,"href":"https:\/\/www.paganoni.it\/en\/wp-json\/wp\/v2\/users\/1"}],"replies":[{"embeddable":true,"href":"https:\/\/www.paganoni.it\/en\/wp-json\/wp\/v2\/comments?post=2145"}],"version-history":[{"count":1,"href":"https:\/\/www.paganoni.it\/en\/wp-json\/wp\/v2\/pages\/2145\/revisions"}],"predecessor-version":[{"id":2146,"href":"https:\/\/www.paganoni.it\/en\/wp-json\/wp\/v2\/pages\/2145\/revisions\/2146"}],"wp:attachment":[{"href":"https:\/\/www.paganoni.it\/en\/wp-json\/wp\/v2\/media?parent=2145"}],"curies":[{"name":"wp","href":"https:\/\/api.w.org\/{rel}","templated":true}]}}